{"id":40,"date":"2023-08-24T11:43:58","date_gmt":"2023-08-24T09:43:58","guid":{"rendered":"http:\/\/raidag.org\/?page_id=40"},"modified":"2023-08-24T11:44:49","modified_gmt":"2023-08-24T09:44:49","slug":"ou-sejourner","status":"publish","type":"page","link":"http:\/\/raidag.org\/?page_id=40","title":{"rendered":"Ou s\u00e9journer"},"content":{"rendered":"\n<p>L&rsquo;hotel Cresta palace se trouve a proximit\u00e9 de l&rsquo;ensemble des patinoires. IL n&rsquo;y a que la rue \u00e0 traverser. Tr\u00e8s bel hotel avec tout confort (Piscine, centre de remise en forme, sauna&#8230;)<\/p>\n\n\n\n<figure class=\"wp-block-image size-full\"><img loading=\"lazy\" decoding=\"async\" width=\"600\" height=\"450\" src=\"http:\/\/raidag.org\/wp-content\/uploads\/2023\/08\/GOPR0006_600x450.jpg\" alt=\"\" class=\"wp-image-41\" srcset=\"http:\/\/raidag.org\/wp-content\/uploads\/2023\/08\/GOPR0006_600x450.jpg 600w, http:\/\/raidag.org\/wp-content\/uploads\/2023\/08\/GOPR0006_600x450-300x225.jpg 300w\" sizes=\"auto, (max-width: 600px) 100vw, 600px\" \/><figcaption class=\"wp-element-caption\">DCIM\\100GOPRO<\/figcaption><\/figure>\n","protected":false},"excerpt":{"rendered":"<p>L&rsquo;hotel Cresta palace se trouve a proximit\u00e9 de l&rsquo;ensemble des patinoires. IL n&rsquo;y a que la rue \u00e0 traverser. Tr\u00e8s bel hotel avec tout confort (Piscine, centre de remise en forme, sauna&#8230;)<\/p>\n","protected":false},"author":2,"featured_media":0,"parent":0,"menu_order":0,"comment_status":"closed","ping_status":"closed","template":"","meta":{"_themeisle_gutenberg_block_has_review":false,"footnotes":""},"class_list":["post-40","page","type-page","status-publish","hentry"],"_links":{"self":[{"href":"http:\/\/raidag.org\/index.php?rest_route=\/wp\/v2\/pages\/40","targetHints":{"allow":["GET"]}}],"collection":[{"href":"http:\/\/raidag.org\/index.php?rest_route=\/wp\/v2\/pages"}],"about":[{"href":"http:\/\/raidag.org\/index.php?rest_route=\/wp\/v2\/types\/page"}],"author":[{"embeddable":true,"href":"http:\/\/raidag.org\/index.php?rest_route=\/wp\/v2\/users\/2"}],"replies":[{"embeddable":true,"href":"http:\/\/raidag.org\/index.php?rest_route=%2Fwp%2Fv2%2Fcomments&post=40"}],"version-history":[{"count":1,"href":"http:\/\/raidag.org\/index.php?rest_route=\/wp\/v2\/pages\/40\/revisions"}],"predecessor-version":[{"id":42,"href":"http:\/\/raidag.org\/index.php?rest_route=\/wp\/v2\/pages\/40\/revisions\/42"}],"wp:attachment":[{"href":"http:\/\/raidag.org\/index.php?rest_route=%2Fwp%2Fv2%2Fmedia&parent=40"}],"curies":[{"name":"wp","href":"https:\/\/api.w.org\/{rel}","templated":true}]}}